{"id":311405,"date":"2020-05-25T17:12:16","date_gmt":"2020-05-26T00:12:16","guid":{"rendered":"https:\/\/smokeyscannabislounge.co\/a-propos-de-nous\/"},"modified":"2023-09-20T17:32:30","modified_gmt":"2023-09-21T00:32:30","slug":"a-propos-de-nous","status":"publish","type":"page","link":"https:\/\/smokeyscannabislounge.co\/fr\/a-propos-de-nous\/","title":{"rendered":"\u00c0 propos de nous"},"content":{"rendered":"\t<div id=\"gap-1760430726\" class=\"gap-element clearfix\" style=\"display:block; height:auto;\">\n\t\t\n<style>\n#gap-1760430726 {\n  padding-top: 30px;\n}\n<\/style>\n\t<\/div>\n\t\n<div class=\"row\"  id=\"row-1569901052\">\n\n\t<div id=\"col-294437746\" class=\"col medium-4 small-12 large-4\"  >\n\t\t\t\t<div class=\"col-inner\"  >\n\t\t\t\n\t\t\t\n\t\t<\/div>\n\t\t\t\t\t<\/div>\n\n\t\n\n\t<div id=\"col-637961945\" class=\"col medium-4 small-12 large-4\"  >\n\t\t\t\t<div class=\"col-inner text-center\"  >\n\t\t\t\n\t\t\t\n\t<div class=\"img has-hover x md-x lg-x y md-y lg-y\" id=\"image_1290730217\">\n\t\t\t\t\t\t\t\t<div class=\"img-inner dark\" >\n\t\t\t\t\t\t\t\t\t\n\t\t\t\t\t<\/div>\n\t\t\t\t\t\t\t\t\n<style>\n#image_1290730217 {\n  width: 59%;\n}\n<\/style>\n\t<\/div>\n\t\n\t\t<\/div>\n\t\t\t\t\t<\/div>\n\n\t\n\n\t<div id=\"col-471579569\" class=\"col medium-4 small-12 large-4\"  >\n\t\t\t\t<div class=\"col-inner\"  >\n\t\t\t\n\t\t\t\n\t\t<\/div>\n\t\t\t\t\t<\/div>\n\n\t\n<\/div>\n<div class=\"container section-title-container\" ><h1 class=\"section-title section-title-center\"><b aria-hidden=\"true\"><\/b><span class=\"section-title-main\" >\u00c0 propos de smokey&apos;s cannabis lounge<\/span><b aria-hidden=\"true\"><\/b><\/h1><\/div>\n<div class=\"row\"  id=\"row-134400566\">\n\n\t<div id=\"col-1268610267\" class=\"col small-12 large-12\"  >\n\t\t\t\t<div class=\"col-inner\"  >\n\t\t\t\n\t\t\t\n<p><span style=\"font-size: 120%;\">J&#8217;ai cr\u00e9\u00e9 Smokey&#8217;s Cannabis Lounge apr\u00e8s avoir vu ma m\u00e8re \u00e2g\u00e9e souffrir de traitements de chimioth\u00e9rapie sans pouvoir faire grand-chose.<\/span><\/p>\n<p><span style=\"font-size: 120%;\">En tant que d\u00e9fenseur de longue date du cannabis cultiv\u00e9 naturellement et consommant moi-m\u00eame du CBD, j&#8217;ai vraiment pens\u00e9 que ces produits seraient la meilleure option naturelle et sans accoutumance pour aider \u00e0 soulager les effets secondaires dont elle souffrait.<\/span><\/p>\n<p><span style=\"font-size: 120%;\">Il n&#8217;a pas fallu longtemps pour que nous puissions tous deux constater les merveilleux r\u00e9sultats des produits \u00e0 base de CBD qu&#8217;elle prenait. La combinaison de l&#8217;utilisation du CBD par voie sublinguale et topique a permis de soulager une grande partie de la douleur associ\u00e9e \u00e0 ses traitements en cours.<\/span><\/p>\n<p><span style=\"font-size: 120%;\">Pour m&#8217;assurer que ma m\u00e8re re\u00e7oive des produits de la plus haute qualit\u00e9, j&#8217;ai commenc\u00e9 \u00e0 chercher comment je pouvais les fabriquer. Apr\u00e8s avoir effectu\u00e9 de nombreuses recherches, j&#8217;ai contact\u00e9 un ami de la famille qui s&#8217;est av\u00e9r\u00e9 \u00eatre un m\u00e9decin chef d&#8217;une soci\u00e9t\u00e9 canadienne de conseil en mati\u00e8re de cannabis. Nous nous sommes ensuite attel\u00e9s \u00e0 l&#8217;\u00e9laboration de nos propres formules. Connaissant les produits d\u00e9j\u00e0 pr\u00e9sents sur le march\u00e9, je savais que je pouvais faire mieux.<\/span><\/p>\n<p><span style=\"font-size: 120%;\">Apr\u00e8s avoir constat\u00e9 l&#8217;efficacit\u00e9 incroyable de ces produits pour ma m\u00e8re, j&#8217;ai su que je devais les partager, et c&#8217;est ainsi que j&#8217;ai cr\u00e9\u00e9 Smokey&#8217;s Cannabis Lounge.<\/span><\/p>\n\t\t<\/div>\n\t\t\t\t\t<\/div>\n\n\t\n<\/div>\n\n\t<section class=\"section\" id=\"section_2014489017\">\n\t\t<div class=\"section-bg fill\" >\n\t\t\t\t\t\t\t\t\t\n\t\t\t\n\n\t\t<\/div>\n\n\t\t\n\n\t\t<div class=\"section-content relative\">\n\t\t\t\n<div class=\"row\"  id=\"row-1309811983\">\n\n\t<div id=\"col-1458550402\" class=\"col small-12 large-12\"  >\n\t\t\t\t<div class=\"col-inner\"  >\n\t\t\t\n\t\t\t\n<div class=\"container section-title-container\" ><h1 class=\"section-title section-title-center\"><b aria-hidden=\"true\"><\/b><span class=\"section-title-main\" >Notre objectif<\/span><b aria-hidden=\"true\"><\/b><\/h1><\/div>\n<p><span style=\"font-size: 120%;\">L&#8217;objectif de Smokey&#8217;s Cannabis Lounge est simple : permettre \u00e0 tous les adultes de 19 ans et plus d&#8217;acc\u00e9der facilement \u00e0 des produits de cannabis m\u00e9dicinaux et r\u00e9cr\u00e9atifs de grande qualit\u00e9.<\/span><\/p>\n<p><span style=\"font-size: 120%;\">Lorsque vous commandez chez Smokey&#8217;s Cannabis Lounge, vous ne recevez pas seulement votre commande par la poste. Ce que vous obtenez, c&#8217;est la promesse d&#8217;un engagement maximal en mati\u00e8re de qualit\u00e9 des produits et de service \u00e0 la client\u00e8le.<\/span><\/p>\n\t\t<\/div>\n\t\t\t\t\t<\/div>\n\n\t\n\n\t<div id=\"col-1229278630\" class=\"col small-12 large-12\"  >\n\t\t\t\t<div class=\"col-inner\"  >\n\t\t\t\n\t\t\t\n<div class=\"container section-title-container\" ><h1 class=\"section-title section-title-center\"><b aria-hidden=\"true\"><\/b><span class=\"section-title-main\" >Ce qui nous distingue<\/span><b aria-hidden=\"true\"><\/b><\/h1><\/div>\n<h5><span style=\"font-size: 120%;\">Chez Smokey&#8217;s Cannabis Lounge, nous nous distinguons de bien des fa\u00e7ons, pour n&#8217;en citer que quelques-unes&#8230;.<\/span><\/h5>\n<ul>\n<li><span style=\"font-size: 120%;\">Nous travaillons avec des agriculteurs locaux de la Colombie-Britannique pour offrir \u00e0 nos clients le meilleur cannabis au meilleur prix.<\/span><\/li>\n<li><span style=\"font-size: 120%;\">Toutes nos formules ont \u00e9t\u00e9 d\u00e9velopp\u00e9es dans notre laboratoire et ont \u00e9t\u00e9 test\u00e9es personnellement pendant des ann\u00e9es avec des r\u00e9sultats \u00e9tonnants.<\/span><\/li>\n<li><span style=\"font-size: 120%;\">Nous accordons la priorit\u00e9 \u00e0 la confidentialit\u00e9 des clients en veillant \u00e0 ce que toutes les informations personnelles soient s\u00e9curis\u00e9es et que tous les colis soient livr\u00e9s en toute discr\u00e9tion.<\/span><\/li>\n<li><span style=\"font-size: 120%;\">Lorsque vous commandez chez SCL, vous pouvez avoir l&#8217;esprit tranquille en sachant que tous nos produits ont \u00e9t\u00e9 con\u00e7us par des professionnels exp\u00e9riment\u00e9s dans le respect des normes les plus strictes.<\/span><\/li>\n<\/ul>\n<h5><span style=\"font-size: 120%;\">Et enfin&#8230;<\/span><\/h5>\n<ul>\n<li style=\"text-align: left;\"><span style=\"font-size: 120%;\">Notre centre d&#8217;assistance \u00e0 la client\u00e8le est compos\u00e9 de sp\u00e9cialistes des produits comp\u00e9tents et serviables, pr\u00eats \u00e0 vous fournir les informations n\u00e9cessaires pour vous aider \u00e0 faire les bons choix en fonction de vos besoins.<\/span><\/li>\n<\/ul>\n\t\t<\/div>\n\t\t\t\t\t<\/div>\n\n\t\n<\/div>\n<div class=\"row\"  id=\"row-1452046947\">\n\n\t<div id=\"col-129889723\" class=\"col small-12 large-12\"  >\n\t\t\t\t<div class=\"col-inner\"  >\n\t\t\t\n\t\t\t\n\t\t<\/div>\n\t\t\t\t\t<\/div>\n\n\t\n<\/div>\n\t<div id=\"gap-726331575\" class=\"gap-element clearfix\" style=\"display:block; height:auto;\">\n\t\t\n<style>\n#gap-726331575 {\n  padding-top: 94px;\n}\n<\/style>\n\t<\/div>\n\t\n\t\t<\/div>\n\n\t\t\n<style>\n#section_2014489017 {\n  padding-top: 30px;\n  padding-bottom: 30px;\n}\n<\/style>\n\t<\/section>\n\t\n","protected":false},"excerpt":{"rendered":"","protected":false},"author":55232,"featured_media":0,"parent":0,"menu_order":0,"comment_status":"closed","ping_status":"closed","template":"","meta":{"_acf_changed":false,"footnotes":""},"class_list":["post-311405","page","type-page","status-publish","hentry"],"acf":[],"yoast_head":"<!-- This site is optimized with the Yoast SEO Premium plugin v21.9 (Yoast SEO v27.3) - https:\/\/yoast.com\/product\/yoast-seo-premium-wordpress\/ -->\n<title>\u00c0 propos de nous | Smokey&#039;s Cannabis Lounge<\/title>\n<meta name=\"description\" content=\"Buy weed online at the best mail-order marijuana pot shop &amp; weed dispensary in Canada. Order cannabis online from Smokey&#039;s &amp; get fast shipping. Buy pot here.\" \/>\n<meta name=\"robots\" content=\"index, follow, max-snippet:-1, max-image-preview:large, max-video-preview:-1\" \/>\n<link rel=\"canonical\" href=\"https:\/\/smokeyscannabislounge.co\/about-us\/\" \/>\n<meta property=\"og:locale\" content=\"fr_FR\" \/>\n<meta property=\"og:type\" content=\"article\" \/>\n<meta property=\"og:title\" content=\"\u00c0 propos de nous | Smokey&#039;s Cannabis Lounge\" \/>\n<meta property=\"og:description\" content=\"Buy weed online at the best mail-order marijuana pot shop &amp; weed dispensary in Canada. Order cannabis online from Smokey&#039;s &amp; get fast shipping. Buy pot here.\" \/>\n<meta property=\"og:url\" content=\"https:\/\/smokeyscannabislounge.co\/about-us\/\" \/>\n<meta property=\"og:site_name\" content=\"Smokey&#039;s Cannabis Lounge\" \/>\n<meta property=\"article:publisher\" content=\"https:\/\/www.facebook.com\/smokeyscannalounge\/\" \/>\n<meta property=\"article:modified_time\" content=\"2023-09-21T00:32:30+00:00\" \/>\n<meta name=\"twitter:card\" content=\"summary_large_image\" \/>\n<script type=\"application\/ld+json\" class=\"yoast-schema-graph\">{\"@context\":\"https:\\\/\\\/schema.org\",\"@graph\":[{\"@type\":\"WebPage\",\"@id\":\"https:\\\/\\\/smokeyscannabislounge.co\\\/about-us\\\/\",\"url\":\"https:\\\/\\\/smokeyscannabislounge.co\\\/about-us\\\/\",\"name\":\"\u00c0 propos de nous | Smokey&#039;s Cannabis Lounge\",\"isPartOf\":{\"@id\":\"https:\\\/\\\/smokeyscannabislounge.co\\\/#website\"},\"datePublished\":\"2020-05-26T00:12:16+00:00\",\"dateModified\":\"2023-09-21T00:32:30+00:00\",\"description\":\"Buy weed online at the best mail-order marijuana pot shop & weed dispensary in Canada. Order cannabis online from Smokey's & get fast shipping. Buy pot here.\",\"breadcrumb\":{\"@id\":\"https:\\\/\\\/smokeyscannabislounge.co\\\/about-us\\\/#breadcrumb\"},\"inLanguage\":\"fr-FR\",\"potentialAction\":[{\"@type\":\"ReadAction\",\"target\":[\"https:\\\/\\\/smokeyscannabislounge.co\\\/about-us\\\/\"]}]},{\"@type\":\"BreadcrumbList\",\"@id\":\"https:\\\/\\\/smokeyscannabislounge.co\\\/about-us\\\/#breadcrumb\",\"itemListElement\":[{\"@type\":\"ListItem\",\"position\":1,\"name\":\"Home\",\"item\":\"https:\\\/\\\/smokeyscannabislounge.co\\\/fr\\\/\"},{\"@type\":\"ListItem\",\"position\":2,\"name\":\"\u00c0 propos de nous\"}]},{\"@type\":\"WebSite\",\"@id\":\"https:\\\/\\\/smokeyscannabislounge.co\\\/#website\",\"url\":\"https:\\\/\\\/smokeyscannabislounge.co\\\/\",\"name\":\"Smokey's Cannabis Lounge\",\"description\":\"Mail Order Marijuana\",\"publisher\":{\"@id\":\"https:\\\/\\\/smokeyscannabislounge.co\\\/#organization\"},\"potentialAction\":[{\"@type\":\"SearchAction\",\"target\":{\"@type\":\"EntryPoint\",\"urlTemplate\":\"https:\\\/\\\/smokeyscannabislounge.co\\\/?s={search_term_string}\"},\"query-input\":{\"@type\":\"PropertyValueSpecification\",\"valueRequired\":true,\"valueName\":\"search_term_string\"}}],\"inLanguage\":\"fr-FR\"},{\"@type\":\"Organization\",\"@id\":\"https:\\\/\\\/smokeyscannabislounge.co\\\/#organization\",\"name\":\"Smokey's Cannabis Lounge\",\"url\":\"https:\\\/\\\/smokeyscannabislounge.co\\\/\",\"logo\":{\"@type\":\"ImageObject\",\"inLanguage\":\"fr-FR\",\"@id\":\"https:\\\/\\\/smokeyscannabislounge.co\\\/#\\\/schema\\\/logo\\\/image\\\/\",\"url\":\"https:\\\/\\\/smokeyscannabislounge.co\\\/wp-content\\\/uploads\\\/2021\\\/09\\\/SMOKEYS-Official-Logo.png\",\"contentUrl\":\"https:\\\/\\\/smokeyscannabislounge.co\\\/wp-content\\\/uploads\\\/2021\\\/09\\\/SMOKEYS-Official-Logo.png\",\"width\":501,\"height\":483,\"caption\":\"Smokey's Cannabis Lounge\"},\"image\":{\"@id\":\"https:\\\/\\\/smokeyscannabislounge.co\\\/#\\\/schema\\\/logo\\\/image\\\/\"},\"sameAs\":[\"https:\\\/\\\/www.facebook.com\\\/smokeyscannalounge\\\/\"]}]}<\/script>\n<!-- \/ Yoast SEO Premium plugin. -->","yoast_head_json":{"title":"\u00c0 propos de nous | Smokey&#039;s Cannabis Lounge","description":"Buy weed online at the best mail-order marijuana pot shop & weed dispensary in Canada. Order cannabis online from Smokey's & get fast shipping. Buy pot here.","robots":{"index":"index","follow":"follow","max-snippet":"max-snippet:-1","max-image-preview":"max-image-preview:large","max-video-preview":"max-video-preview:-1"},"canonical":"https:\/\/smokeyscannabislounge.co\/about-us\/","og_locale":"fr_FR","og_type":"article","og_title":"\u00c0 propos de nous | Smokey&#039;s Cannabis Lounge","og_description":"Buy weed online at the best mail-order marijuana pot shop & weed dispensary in Canada. Order cannabis online from Smokey's & get fast shipping. Buy pot here.","og_url":"https:\/\/smokeyscannabislounge.co\/about-us\/","og_site_name":"Smokey&#039;s Cannabis Lounge","article_publisher":"https:\/\/www.facebook.com\/smokeyscannalounge\/","article_modified_time":"2023-09-21T00:32:30+00:00","twitter_card":"summary_large_image","schema":{"@context":"https:\/\/schema.org","@graph":[{"@type":"WebPage","@id":"https:\/\/smokeyscannabislounge.co\/about-us\/","url":"https:\/\/smokeyscannabislounge.co\/about-us\/","name":"\u00c0 propos de nous | Smokey&#039;s Cannabis Lounge","isPartOf":{"@id":"https:\/\/smokeyscannabislounge.co\/#website"},"datePublished":"2020-05-26T00:12:16+00:00","dateModified":"2023-09-21T00:32:30+00:00","description":"Buy weed online at the best mail-order marijuana pot shop & weed dispensary in Canada. Order cannabis online from Smokey's & get fast shipping. Buy pot here.","breadcrumb":{"@id":"https:\/\/smokeyscannabislounge.co\/about-us\/#breadcrumb"},"inLanguage":"fr-FR","potentialAction":[{"@type":"ReadAction","target":["https:\/\/smokeyscannabislounge.co\/about-us\/"]}]},{"@type":"BreadcrumbList","@id":"https:\/\/smokeyscannabislounge.co\/about-us\/#breadcrumb","itemListElement":[{"@type":"ListItem","position":1,"name":"Home","item":"https:\/\/smokeyscannabislounge.co\/fr\/"},{"@type":"ListItem","position":2,"name":"\u00c0 propos de nous"}]},{"@type":"WebSite","@id":"https:\/\/smokeyscannabislounge.co\/#website","url":"https:\/\/smokeyscannabislounge.co\/","name":"Smokey's Cannabis Lounge","description":"Mail Order Marijuana","publisher":{"@id":"https:\/\/smokeyscannabislounge.co\/#organization"},"potentialAction":[{"@type":"SearchAction","target":{"@type":"EntryPoint","urlTemplate":"https:\/\/smokeyscannabislounge.co\/?s={search_term_string}"},"query-input":{"@type":"PropertyValueSpecification","valueRequired":true,"valueName":"search_term_string"}}],"inLanguage":"fr-FR"},{"@type":"Organization","@id":"https:\/\/smokeyscannabislounge.co\/#organization","name":"Smokey's Cannabis Lounge","url":"https:\/\/smokeyscannabislounge.co\/","logo":{"@type":"ImageObject","inLanguage":"fr-FR","@id":"https:\/\/smokeyscannabislounge.co\/#\/schema\/logo\/image\/","url":"https:\/\/smokeyscannabislounge.co\/wp-content\/uploads\/2021\/09\/SMOKEYS-Official-Logo.png","contentUrl":"https:\/\/smokeyscannabislounge.co\/wp-content\/uploads\/2021\/09\/SMOKEYS-Official-Logo.png","width":501,"height":483,"caption":"Smokey's Cannabis Lounge"},"image":{"@id":"https:\/\/smokeyscannabislounge.co\/#\/schema\/logo\/image\/"},"sameAs":["https:\/\/www.facebook.com\/smokeyscannalounge\/"]}]}},"_links":{"self":[{"href":"https:\/\/smokeyscannabislounge.co\/fr\/wp-json\/wp\/v2\/pages\/311405","targetHints":{"allow":["GET"]}}],"collection":[{"href":"https:\/\/smokeyscannabislounge.co\/fr\/wp-json\/wp\/v2\/pages"}],"about":[{"href":"https:\/\/smokeyscannabislounge.co\/fr\/wp-json\/wp\/v2\/types\/page"}],"author":[{"embeddable":true,"href":"https:\/\/smokeyscannabislounge.co\/fr\/wp-json\/wp\/v2\/users\/55232"}],"replies":[{"embeddable":true,"href":"https:\/\/smokeyscannabislounge.co\/fr\/wp-json\/wp\/v2\/comments?post=311405"}],"version-history":[{"count":0,"href":"https:\/\/smokeyscannabislounge.co\/fr\/wp-json\/wp\/v2\/pages\/311405\/revisions"}],"wp:attachment":[{"href":"https:\/\/smokeyscannabislounge.co\/fr\/wp-json\/wp\/v2\/media?parent=311405"}],"curies":[{"name":"wp","href":"https:\/\/api.w.org\/{rel}","templated":true}]}}