{"id":311406,"date":"2020-06-03T19:30:40","date_gmt":"2020-06-04T02:30:40","guid":{"rendered":"https:\/\/smokeyscannabislounge.co\/parrainer-un-ami\/"},"modified":"2023-09-21T21:23:42","modified_gmt":"2023-09-22T04:23:42","slug":"parrainer-un-ami","status":"publish","type":"page","link":"https:\/\/smokeyscannabislounge.co\/fr\/parrainer-un-ami\/","title":{"rendered":"Parrainer un ami"},"content":{"rendered":"\n\t<section class=\"section\" id=\"section_1347587102\">\n\t\t<div class=\"section-bg fill\" >\n\t\t\t\t\t\t\t\t\t\n\t\t\t\n\n\t\t<\/div>\n\n\t\t\n\n\t\t<div class=\"section-content relative\">\n\t\t\t\n<div class=\"row\"  id=\"row-1152235373\">\n\n\t<div id=\"col-2089411221\" class=\"col small-12 large-12\"  >\n\t\t\t\t<div class=\"col-inner text-center\"  >\n\t\t\t\n\t\t\t\n<h3 class=\"thin-font alt-font\" style=\"text-align: center;\"><span style=\"font-size: 300%;\"><strong>Remplissez souvent, remplissez souvent !<\/strong><\/span><\/h3>\n<h3 style=\"text-align: center;\"><span style=\"color: #ffffff;\"><strong><span style=\"color: #282828;\">Vous voulez un produit gratuit ? ~ Plus d&#8217;informations ci-dessous !<\/span><\/strong><\/span><\/h3>\n\t\t<\/div>\n\t\t\t\t\n<style>\n#col-2089411221 > .col-inner {\n  margin: 0px 0px -36px 0px;\n}\n<\/style>\n\t<\/div>\n\n\t\n<\/div>\n<div class=\"row\"  id=\"row-735602327\">\n\n\t<div id=\"col-970642795\" class=\"col medium-2 small-12 large-2\"  >\n\t\t\t\t<div class=\"col-inner\"  >\n\t\t\t\n\t\t\t\n\t\t<\/div>\n\t\t\t\t\t<\/div>\n\n\t\n\n\t<div id=\"col-560522098\" class=\"col medium-8 small-12 large-8\"  >\n\t\t\t\t<div class=\"col-inner\"  >\n\t\t\t\n\t\t\t\n<div class=\"container section-title-container\" ><h1 class=\"section-title section-title-center\"><b aria-hidden=\"true\"><\/b><span class=\"section-title-main\" style=\"color:rgb(196, 5, 5);\">CADEAUX GRATUITS<\/span><b aria-hidden=\"true\"><\/b><\/h1><\/div>\n\t<div class=\"img has-hover x md-x lg-x y md-y lg-y\" id=\"image_1664727546\">\n\t\t\t\t\t\t\t\t<div class=\"img-inner dark\" >\n\t\t\t\t\t\t\t\t\t\n\t\t\t\t\t<\/div>\n\t\t\t\t\t\t\t\t\n<style>\n#image_1664727546 {\n  width: 100%;\n}\n<\/style>\n\t<\/div>\n\t\n\t\t<\/div>\n\t\t\t\t\t<\/div>\n\n\t\n<\/div>\n<div class=\"row\"  id=\"row-1345688986\">\n\n\t<div id=\"col-419441902\" class=\"col medium-2 small-12 large-2\"  >\n\t\t\t\t<div class=\"col-inner\"  >\n\t\t\t\n\t\t\t\n<div id=\"Refer-Friend\"><\/div>\n\t\t<\/div>\n\t\t\t\t\t<\/div>\n\n\t\n\n\t<div id=\"col-1867427027\" class=\"col medium-8 small-12 large-8\"  >\n\t\t\t\t<div class=\"col-inner\"  >\n\t\t\t\n\t\t\t\n<div class=\"container section-title-container\" ><h1 class=\"section-title section-title-center\"><b aria-hidden=\"true\"><\/b><span class=\"section-title-main\" style=\"font-size:102%;color:rgb(196, 5, 5);\">REFERER UN AMI = 50 $ gratuits<\/span><b aria-hidden=\"true\"><\/b><\/h1><\/div>\n<p style=\"text-align: center;\"><strong>1.<\/strong> S&#8217;inscrire \u00e0 Smokey&#8217;s Cannabis Lounge.<br \/><strong>2.<\/strong> Passez votre premi\u00e8re commande et recevez votre code personnel de parrainage.<br \/><strong>3.<\/strong> Partagez votre code de parrainage et recevez un <strong> cr\u00e9dit de 50,00 $<\/strong>. <strong><br \/><\/strong><\/p>\n<p style=\"text-align: center;\"><span data-text-color=\"secondary\"><br \/>\n  <strong>Ce que votre ami(e) re\u00e7oit :<br \/><\/strong><br \/>\n<\/span>\u25fe <strong>25,00 $ de r\u00e9duction sur<\/strong> leur premi\u00e8re commande<br \/><span data-text-color=\"secondary\"><br \/>\n  <strong>\u25fe<\/strong><br \/>\n<\/span> Acc\u00e8s aux promotions et aux \u00e9conomies de Smokey&#8217;s Cannabis Lounge<br \/><span data-text-color=\"success\"><br \/>\n  <strong>\u25fe<\/strong><br \/>\n<\/span> Code personnel de parrainage<\/p>\n<p style=\"text-align: center;\"><span data-text-color=\"secondary\"><br \/>\n  <strong>Ce que vous obtenez :<br \/><\/strong><br \/>\n<\/span><span data-text-color=\"alert\">&#8211; <strong> 50,00 $ de cr\u00e9dit pour CHAQUE recommandation r\u00e9ussie !<br \/><\/strong><\/span><\/p>\n<p style=\"text-align: center;\"><span data-text-color=\"secondary\"><br \/>\n  <strong>R\u00e8gles et petits caract\u00e8res :<br \/><\/strong><br \/>\n<\/span><strong>\u25fe<\/strong> Vous devez avoir effectu\u00e9 un achat aupr\u00e8s de Smokey&#8217;s Cannabis Lounge pour recevoir votre code de parrainage.<br \/><strong>\u25fe<\/strong> Votre ami(e) doit d\u00e9penser 100,00 $ ou plus lors de son premier achat chez Smokey&#8217;s Cannabis Lounge.<br \/><strong>\u25fe<\/strong> Les doublons d&#8217;adresses physiques et d&#8217;adresses \u00e9lectroniques ne seront pas consid\u00e9r\u00e9s comme des r\u00e9f\u00e9rences r\u00e9ussies.<br \/><strong>\u25fe<\/strong> Un seul code de parrainage par commande<br \/><strong>\u25fe<\/strong> Les frais de port ne sont pas pris en charge dans le cadre du programme &#8220;Parrainage&#8221;.<\/p>\n\t\t<\/div>\n\t\t\t\t\t<\/div>\n\n\t\n<\/div>\n<div class=\"row\"  id=\"row-1345763413\">\n\n\t<div id=\"col-219165910\" class=\"col small-12 large-12\"  >\n\t\t\t\t<div class=\"col-inner\"  >\n\t\t\t\n\t\t\t\n\t<div class=\"img has-hover x md-x lg-x y md-y lg-y\" id=\"image_505239619\">\n\t\t\t\t\t\t\t\t<div class=\"img-inner dark\" >\n\t\t\t\t\t\t\t\t\t\n\t\t\t\t\t<\/div>\n\t\t\t\t\t\t\t\t\n<style>\n#image_505239619 {\n  width: 100%;\n}\n<\/style>\n\t<\/div>\n\t\n\t\t<\/div>\n\t\t\t\t\t<\/div>\n\n\t\n<\/div>\n<div class=\"row align-center\"  id=\"row-635744213\">\n\n\t<div id=\"col-787088306\" class=\"col medium-7 small-12 large-7\"  >\n\t\t\t\t<div class=\"col-inner\"  >\n\t\t\t\n\t\t\t\n\t<div id=\"text-1857886469\" class=\"text\">\n\t\t\n<!-- Guest generation form - shown\/hidden by JavaScript -->\n<div class=\"gens-refer-a-friend gens-raf-modern-template gens-refer-a-friend--generate\" data-link=\"https:\/\/smokeyscannabislounge.co\/fr\/\" data-allow-guests=\"0\"  >\n            \n<div class=\"gens-raf-text\">\n\t<h4>The Refer A Friend Program, It's Easy!<\/h4>\r\n<p>1 - Sign-up for Smokey's Cannabis Lounge<br \/>2 - Place your first order with us and receive your refer a friend code<br \/>3 - Share your refer a friend code and receive $50.00 in credit!<\/p>\r\n<h4>What your friend gets:<\/h4>\r\n<p>- <strong>$25.00 <\/strong>off their first order<br \/>- Access to Smokey's Cannabis Lounge promotions and savings<br \/>- Their very own refer a friend code<\/p>\r\n<p>What YOU get:<\/p>\r\n<p>- <strong>$50.00 worth of credit for EVERY successful referral!<\/strong><\/p>\r\n<h4>Rules and Fine Print:<\/h4>\r\n<p>- You must have made a purchase with Smokey's Cannabis Lounge to receive your refer a friend link<br \/>-<strong> Your friend must spend a minimum cart total of $100 or more on their first purchase with Smokey's Cannabis Lounge<\/strong><br \/>- Duplicate physical addresses and email addresses will not qualify as a successful referral<br \/>- If your friend's order is over $100 and their order is marked complete, you will receive your $50.00 credit once their order is fulfilled<\/p><\/div>                    \t<div class=\"gens-raf-message\">Log in to access your referral code<\/div>\n                    <\/div>\n\n<!-- Guest referral display - shown\/hidden by JavaScript -->\n<div class=\"gens-refer-a-friend--guest\">\n    <div class=\"gens-refer-a-friend gens-raf-modern-template\" data-link=\"https:\/\/smokeyscannabislounge.co\/fr\/\"  >\n            \n<div class=\"gens-raf-text\">\n\t<h4>The Refer A Friend Program, It's Easy!<\/h4>\r\n<p>1 - Sign-up for Smokey's Cannabis Lounge<br \/>2 - Place your first order with us and receive your refer a friend code<br \/>3 - Share your refer a friend code and receive $50.00 in credit!<\/p>\r\n<h4>What your friend gets:<\/h4>\r\n<p>- <strong>$25.00 <\/strong>off their first order<br \/>- Access to Smokey's Cannabis Lounge promotions and savings<br \/>- Their very own refer a friend code<\/p>\r\n<p>What YOU get:<\/p>\r\n<p>- <strong>$50.00 worth of credit for EVERY successful referral!<\/strong><\/p>\r\n<h4>Rules and Fine Print:<\/h4>\r\n<p>- You must have made a purchase with Smokey's Cannabis Lounge to receive your refer a friend link<br \/>-<strong> Your friend must spend a minimum cart total of $100 or more on their first purchase with Smokey's Cannabis Lounge<\/strong><br \/>- Duplicate physical addresses and email addresses will not qualify as a successful referral<br \/>- If your friend's order is over $100 and their order is marked complete, you will receive your $50.00 credit once their order is fulfilled<\/p><\/div>                                <div class=\"gens-raf-field gens-raf-field--input gens-raf-field--input--link\">\n\t<label for=\"raf_link\">Lien d'invitation<\/label>\n\t<div class=\"gens-copy\">\n\t\t<input type=\"text\" class=\"gens-raf-field--link\" disabled value=\"https:\/\/smokeyscannabislounge.co\/fr\/\" \/>\n\t\t<span class=\"gens-ctc-modern\">\n\t\t\t<svg class=\"gens-copy-icon\" xmlns=\"http:\/\/www.w3.org\/2000\/svg\" width=\"24\" height=\"24\" viewBox=\"0 0 24 24\" fill=\"none\" stroke=\"currentColor\" stroke-width=\"2\" stroke-linecap=\"round\" stroke-linejoin=\"round\"><rect width=\"14\" height=\"14\" x=\"8\" y=\"8\" rx=\"2\" ry=\"2\"\/><path d=\"M4 16c-1.1 0-2-.9-2-2V4c0-1.1.9-2 2-2h10c1.1 0 2 .9 2 2\"\/><\/svg>\n\t\t\t<svg class=\"gens-copied-icon\" xmlns=\"http:\/\/www.w3.org\/2000\/svg\" width=\"24\" height=\"24\" viewBox=\"0 0 24 24\" fill=\"none\" stroke=\"#73c050\" stroke-width=\"2\" stroke-linecap=\"round\" stroke-linejoin=\"round\"><path d=\"M18 6 7 17l-5-5\"\/><path d=\"m22 10-7.5 7.5L13 16\"\/><\/svg>\t\t\t\n\t\t<\/span>\n\t<\/div>\n<\/div>\n            <div class=\"gens-raf-field gens-raf-field--email\">\n\t<label>Partager par e-mail<\/label>\n\t<form id=\"gens-referral_share__email\" action=\"\" type=\"post\" novalidate>\n        <div class=\"gens-referral_share__email__inputs\">\n            <input type=\"email\" placeholder=\"Email de l'ami\">\n            <input type=\"text\" placeholder=\"Nom de l'ami\">\n        <\/div>\n\t\t<a href=\"#\" id=\"js--gens-email-clone\">+<\/a>\n\t\t<a href=\"#\" id=\"js--gens-email-remove\">-<\/a>\n\t\t<input type=\"submit\" class=\"gens-raf-send-emails\" value=\"Envoyer des emails\">\n\t\t<div class=\"gens-raf-submit-success\">\n\t\t\t<div>\n\t\t\t\t<svg xmlns=\"http:\/\/www.w3.org\/2000\/svg\" width=\"24\" height=\"24\" viewBox=\"0 0 24 24\" fill=\"none\" stroke=\"#fff\" stroke-width=\"2\" stroke-linecap=\"round\" stroke-linejoin=\"round\"><path d=\"M18 6 7 17l-5-5\"\/><path d=\"m22 10-7.5 7.5L13 16\"\/><\/svg>\t\t\t\n\t\t\t<\/div>\n\t\t<\/div>\n\t<\/form>\n<\/div>\n<div class=\"gens-raf-field gens-raf-field--social\">\n\t<label for=\"raf_link\">Partage social<\/label>\n\t<div class=\"gens-referral_share\">\n\t\t\n\t\t\t\t<a href=\"https:\/\/smokeyscannabislounge.co\/fr\/\" class=\"gens-referral_share__fb\">\n\t\t\t<svg height=\"24px\" version=\"1.1\" viewBox=\"0 0 512 512\" width=\"100%\" xml:space=\"preserve\" xmlns=\"http:\/\/www.w3.org\/2000\/svg\"><path d=\"M374.244,285.825l14.105,-91.961l-88.233,0l0,-59.677c0,-25.159 12.325,-49.682 51.845,-49.682l40.116,0l0,-78.291c0,0 -36.407,-6.214 -71.213,-6.214c-72.67,0 -120.165,44.042 -120.165,123.775l0,70.089l-80.777,0l0,91.961l80.777,0l0,222.31c16.197,2.541 32.798,3.865 49.709,3.865c16.911,0 33.511,-1.324 49.708,-3.865l0,-222.31l74.128,0Z\" \/><\/svg>\n\t\t<\/a>\n\t\t\t\t\t\t<a href=\"https:\/\/smokeyscannabislounge.co\/fr\/\" class=\"gens-referral_share__tw\" data-via=\"\" data-title=\"\">\n\t\t\t<svg height=\"100%\" version=\"1.1\" viewBox=\"0 0 512 462.799\" width=\"100%\" xmlns=\"http:\/\/www.w3.org\/2000\/svg\" fill-rule=\"evenodd\" clip-rule=\"evenodd\"><path fill-rule=\"nonzero\" d=\"M403.229 0h78.506L310.219 196.04 512 462.799H354.002L230.261 301.007 88.669 462.799h-78.56l183.455-209.683L0 0h161.999l111.856 147.88L403.229 0zm-27.556 415.805h43.505L138.363 44.527h-46.68l283.99 371.278z\"\/><\/svg>\n\t\t<\/a>\n\t\t\t\t\t\t<a href=\"fb-messenger:\/\/share\/?link=https:\/\/smokeyscannabislounge.co\/fr\/\" class=\"gens-referral_share__msg\">\n\t\t\t<svg height=\"100%\" version=\"1.1\" viewBox=\"0 0 512 512\" width=\"100%\" xml:space=\"preserve\" xmlns=\"http:\/\/www.w3.org\/2000\/svg\"><path d=\"M256,0.003c-144.225,0 -256,105.645 -256,248.325c0,74.637 30.596,139.126 80.406,183.682c4.172,3.76 6.696,8.962 6.902,14.577l1.391,45.534c0.463,14.525 15.452,23.951 28.742,18.131l50.788,-22.407c4.326,-1.905 9.117,-2.266 13.649,-1.03c23.334,6.439 48.213,9.839 74.122,9.839c144.225,0 256,-105.646 256,-248.326c0,-142.68 -111.775,-248.325 -256,-248.325Zm-153.703,320.953l75.203,-119.295c11.95,-18.955 37.602,-23.694 55.527,-10.25l59.802,44.864c5.511,4.121 13.032,4.069 18.492,-0.051l80.766,-61.296c10.765,-8.19 24.879,4.739 17.616,16.174l-75.152,119.243c-11.95,18.956 -37.601,23.694 -55.526,10.251l-59.802,-44.865c-5.512,-4.121 -13.032,-4.069 -18.492,0.052l-80.818,61.347c-10.765,8.19 -24.879,-4.739 -17.616,-16.174Z\" \/><\/svg>\n\t\t<\/a>\n\t\t\t\t\t\t\t\t\t\t\t\t<a href=\"https:\/\/smokeyscannabislounge.co\/fr\/\" class=\"gens-referral_share__wa\" data-title=\"\">\n\t\t\t<svg height=\"100%\" version=\"1.1\" viewBox=\"0 0 512 512\" width=\"100%\" xml:space=\"preserve\" xmlns=\"http:\/\/www.w3.org\/2000\/svg\"><path d=\"M373.295,307.064c-6.37,-3.188 -37.687,-18.596 -43.526,-20.724c-5.838,-2.126 -10.084,-3.187 -14.331,3.188c-4.246,6.376 -16.454,20.725 -20.17,24.976c-3.715,4.251 -7.431,4.785 -13.8,1.594c-6.37,-3.187 -26.895,-9.913 -51.225,-31.616c-18.935,-16.89 -31.72,-37.749 -35.435,-44.126c-3.716,-6.377 -0.397,-9.824 2.792,-13c2.867,-2.854 6.371,-7.44 9.555,-11.16c3.186,-3.718 4.247,-6.377 6.37,-10.626c2.123,-4.252 1.062,-7.971 -0.532,-11.159c-1.591,-3.188 -14.33,-34.542 -19.638,-47.298c-5.171,-12.419 -10.422,-10.737 -14.332,-10.934c-3.711,-0.184 -7.963,-0.223 -12.208,-0.223c-4.246,0 -11.148,1.594 -16.987,7.969c-5.838,6.377 -22.293,21.789 -22.293,53.14c0,31.355 22.824,61.642 26.009,65.894c3.185,4.252 44.916,68.59 108.816,96.181c15.196,6.564 27.062,10.483 36.312,13.418c15.259,4.849 29.145,4.165 40.121,2.524c12.238,-1.827 37.686,-15.408 42.995,-30.286c5.307,-14.882 5.307,-27.635 3.715,-30.292c-1.592,-2.657 -5.838,-4.251 -12.208,-7.44m-116.224,158.693l-0.086,0c-38.022,-0.015 -75.313,-10.23 -107.845,-29.535l-7.738,-4.592l-80.194,21.037l21.405,-78.19l-5.037,-8.017c-21.211,-33.735 -32.414,-72.726 -32.397,-112.763c0.047,-116.825 95.1,-211.87 211.976,-211.87c56.595,0.019 109.795,22.088 149.801,62.139c40.005,40.05 62.023,93.286 62.001,149.902c-0.048,116.834 -95.1,211.889 -211.886,211.889m180.332,-392.224c-48.131,-48.186 -112.138,-74.735 -180.335,-74.763c-140.514,0 -254.875,114.354 -254.932,254.911c-0.018,44.932 11.72,88.786 34.03,127.448l-36.166,132.102l135.141,-35.45c37.236,20.31 79.159,31.015 121.826,31.029l0.105,0c140.499,0 254.87,-114.366 254.928,-254.925c0.026,-68.117 -26.467,-132.166 -74.597,-180.352\" \/><\/svg>\n\t\t<\/a>\n\t<\/div>\n<\/div>            <\/div><\/div>\n\t\t\n<style>\n#text-1857886469 {\n  text-align: center;\n}\n<\/style>\n\t<\/div>\n\t\n\t\t<\/div>\n\t\t\t\t\t<\/div>\n\n\t\n<\/div>\n\t\t<\/div>\n\n\t\t\n<style>\n#section_1347587102 {\n  padding-top: 0px;\n  padding-bottom: 0px;\n}\n<\/style>\n\t<\/section>\n\t\n","protected":false},"excerpt":{"rendered":"","protected":false},"author":43672,"featured_media":0,"parent":0,"menu_order":0,"comment_status":"closed","ping_status":"closed","template":"","meta":{"_acf_changed":false,"footnotes":""},"class_list":["post-311406","page","type-page","status-publish","hentry"],"acf":[],"yoast_head":"<!-- This site is optimized with the Yoast SEO Premium plugin v21.9 (Yoast SEO v27.3) - https:\/\/yoast.com\/product\/yoast-seo-premium-wordpress\/ -->\n<title>Parrainer un ami | Smokey&#039;s Cannabis Lounge<\/title>\n<meta name=\"description\" content=\"Buy weed online at the best mail-order marijuana pot shop &amp; weed dispensary in Canada. Order cannabis online from Smokey&#039;s &amp; get fast shipping. Buy pot here.\" \/>\n<meta name=\"robots\" content=\"index, follow, max-snippet:-1, max-image-preview:large, max-video-preview:-1\" \/>\n<link rel=\"canonical\" href=\"https:\/\/smokeyscannabislounge.co\/refer-a-friend\/\" \/>\n<meta property=\"og:locale\" content=\"fr_FR\" \/>\n<meta property=\"og:type\" content=\"article\" \/>\n<meta property=\"og:title\" content=\"Parrainer un ami | Smokey&#039;s Cannabis Lounge\" \/>\n<meta property=\"og:description\" content=\"Buy weed online at the best mail-order marijuana pot shop &amp; weed dispensary in Canada. Order cannabis online from Smokey&#039;s &amp; get fast shipping. Buy pot here.\" \/>\n<meta property=\"og:url\" content=\"https:\/\/smokeyscannabislounge.co\/refer-a-friend\/\" \/>\n<meta property=\"og:site_name\" content=\"Smokey&#039;s Cannabis Lounge\" \/>\n<meta property=\"article:publisher\" content=\"https:\/\/www.facebook.com\/smokeyscannalounge\/\" \/>\n<meta property=\"article:modified_time\" content=\"2023-09-22T04:23:42+00:00\" \/>\n<meta name=\"twitter:card\" content=\"summary_large_image\" \/>\n<script type=\"application\/ld+json\" class=\"yoast-schema-graph\">{\"@context\":\"https:\\\/\\\/schema.org\",\"@graph\":[{\"@type\":\"WebPage\",\"@id\":\"https:\\\/\\\/smokeyscannabislounge.co\\\/refer-a-friend\\\/\",\"url\":\"https:\\\/\\\/smokeyscannabislounge.co\\\/refer-a-friend\\\/\",\"name\":\"Parrainer un ami | Smokey&#039;s Cannabis Lounge\",\"isPartOf\":{\"@id\":\"https:\\\/\\\/smokeyscannabislounge.co\\\/#website\"},\"datePublished\":\"2020-06-04T02:30:40+00:00\",\"dateModified\":\"2023-09-22T04:23:42+00:00\",\"description\":\"Buy weed online at the best mail-order marijuana pot shop & weed dispensary in Canada. Order cannabis online from Smokey's & get fast shipping. Buy pot here.\",\"breadcrumb\":{\"@id\":\"https:\\\/\\\/smokeyscannabislounge.co\\\/refer-a-friend\\\/#breadcrumb\"},\"inLanguage\":\"fr-FR\",\"potentialAction\":[{\"@type\":\"ReadAction\",\"target\":[\"https:\\\/\\\/smokeyscannabislounge.co\\\/refer-a-friend\\\/\"]}]},{\"@type\":\"BreadcrumbList\",\"@id\":\"https:\\\/\\\/smokeyscannabislounge.co\\\/refer-a-friend\\\/#breadcrumb\",\"itemListElement\":[{\"@type\":\"ListItem\",\"position\":1,\"name\":\"Home\",\"item\":\"https:\\\/\\\/smokeyscannabislounge.co\\\/fr\\\/\"},{\"@type\":\"ListItem\",\"position\":2,\"name\":\"Parrainer un ami\"}]},{\"@type\":\"WebSite\",\"@id\":\"https:\\\/\\\/smokeyscannabislounge.co\\\/#website\",\"url\":\"https:\\\/\\\/smokeyscannabislounge.co\\\/\",\"name\":\"Smokey's Cannabis Lounge\",\"description\":\"Mail Order Marijuana\",\"publisher\":{\"@id\":\"https:\\\/\\\/smokeyscannabislounge.co\\\/#organization\"},\"potentialAction\":[{\"@type\":\"SearchAction\",\"target\":{\"@type\":\"EntryPoint\",\"urlTemplate\":\"https:\\\/\\\/smokeyscannabislounge.co\\\/?s={search_term_string}\"},\"query-input\":{\"@type\":\"PropertyValueSpecification\",\"valueRequired\":true,\"valueName\":\"search_term_string\"}}],\"inLanguage\":\"fr-FR\"},{\"@type\":\"Organization\",\"@id\":\"https:\\\/\\\/smokeyscannabislounge.co\\\/#organization\",\"name\":\"Smokey's Cannabis Lounge\",\"url\":\"https:\\\/\\\/smokeyscannabislounge.co\\\/\",\"logo\":{\"@type\":\"ImageObject\",\"inLanguage\":\"fr-FR\",\"@id\":\"https:\\\/\\\/smokeyscannabislounge.co\\\/#\\\/schema\\\/logo\\\/image\\\/\",\"url\":\"https:\\\/\\\/smokeyscannabislounge.co\\\/wp-content\\\/uploads\\\/2021\\\/09\\\/SMOKEYS-Official-Logo.png\",\"contentUrl\":\"https:\\\/\\\/smokeyscannabislounge.co\\\/wp-content\\\/uploads\\\/2021\\\/09\\\/SMOKEYS-Official-Logo.png\",\"width\":501,\"height\":483,\"caption\":\"Smokey's Cannabis Lounge\"},\"image\":{\"@id\":\"https:\\\/\\\/smokeyscannabislounge.co\\\/#\\\/schema\\\/logo\\\/image\\\/\"},\"sameAs\":[\"https:\\\/\\\/www.facebook.com\\\/smokeyscannalounge\\\/\"]}]}<\/script>\n<!-- \/ Yoast SEO Premium plugin. -->","yoast_head_json":{"title":"Parrainer un ami | Smokey&#039;s Cannabis Lounge","description":"Buy weed online at the best mail-order marijuana pot shop & weed dispensary in Canada. Order cannabis online from Smokey's & get fast shipping. Buy pot here.","robots":{"index":"index","follow":"follow","max-snippet":"max-snippet:-1","max-image-preview":"max-image-preview:large","max-video-preview":"max-video-preview:-1"},"canonical":"https:\/\/smokeyscannabislounge.co\/refer-a-friend\/","og_locale":"fr_FR","og_type":"article","og_title":"Parrainer un ami | Smokey&#039;s Cannabis Lounge","og_description":"Buy weed online at the best mail-order marijuana pot shop & weed dispensary in Canada. Order cannabis online from Smokey's & get fast shipping. Buy pot here.","og_url":"https:\/\/smokeyscannabislounge.co\/refer-a-friend\/","og_site_name":"Smokey&#039;s Cannabis Lounge","article_publisher":"https:\/\/www.facebook.com\/smokeyscannalounge\/","article_modified_time":"2023-09-22T04:23:42+00:00","twitter_card":"summary_large_image","schema":{"@context":"https:\/\/schema.org","@graph":[{"@type":"WebPage","@id":"https:\/\/smokeyscannabislounge.co\/refer-a-friend\/","url":"https:\/\/smokeyscannabislounge.co\/refer-a-friend\/","name":"Parrainer un ami | Smokey&#039;s Cannabis Lounge","isPartOf":{"@id":"https:\/\/smokeyscannabislounge.co\/#website"},"datePublished":"2020-06-04T02:30:40+00:00","dateModified":"2023-09-22T04:23:42+00:00","description":"Buy weed online at the best mail-order marijuana pot shop & weed dispensary in Canada. Order cannabis online from Smokey's & get fast shipping. Buy pot here.","breadcrumb":{"@id":"https:\/\/smokeyscannabislounge.co\/refer-a-friend\/#breadcrumb"},"inLanguage":"fr-FR","potentialAction":[{"@type":"ReadAction","target":["https:\/\/smokeyscannabislounge.co\/refer-a-friend\/"]}]},{"@type":"BreadcrumbList","@id":"https:\/\/smokeyscannabislounge.co\/refer-a-friend\/#breadcrumb","itemListElement":[{"@type":"ListItem","position":1,"name":"Home","item":"https:\/\/smokeyscannabislounge.co\/fr\/"},{"@type":"ListItem","position":2,"name":"Parrainer un ami"}]},{"@type":"WebSite","@id":"https:\/\/smokeyscannabislounge.co\/#website","url":"https:\/\/smokeyscannabislounge.co\/","name":"Smokey's Cannabis Lounge","description":"Mail Order Marijuana","publisher":{"@id":"https:\/\/smokeyscannabislounge.co\/#organization"},"potentialAction":[{"@type":"SearchAction","target":{"@type":"EntryPoint","urlTemplate":"https:\/\/smokeyscannabislounge.co\/?s={search_term_string}"},"query-input":{"@type":"PropertyValueSpecification","valueRequired":true,"valueName":"search_term_string"}}],"inLanguage":"fr-FR"},{"@type":"Organization","@id":"https:\/\/smokeyscannabislounge.co\/#organization","name":"Smokey's Cannabis Lounge","url":"https:\/\/smokeyscannabislounge.co\/","logo":{"@type":"ImageObject","inLanguage":"fr-FR","@id":"https:\/\/smokeyscannabislounge.co\/#\/schema\/logo\/image\/","url":"https:\/\/smokeyscannabislounge.co\/wp-content\/uploads\/2021\/09\/SMOKEYS-Official-Logo.png","contentUrl":"https:\/\/smokeyscannabislounge.co\/wp-content\/uploads\/2021\/09\/SMOKEYS-Official-Logo.png","width":501,"height":483,"caption":"Smokey's Cannabis Lounge"},"image":{"@id":"https:\/\/smokeyscannabislounge.co\/#\/schema\/logo\/image\/"},"sameAs":["https:\/\/www.facebook.com\/smokeyscannalounge\/"]}]}},"_links":{"self":[{"href":"https:\/\/smokeyscannabislounge.co\/fr\/wp-json\/wp\/v2\/pages\/311406","targetHints":{"allow":["GET"]}}],"collection":[{"href":"https:\/\/smokeyscannabislounge.co\/fr\/wp-json\/wp\/v2\/pages"}],"about":[{"href":"https:\/\/smokeyscannabislounge.co\/fr\/wp-json\/wp\/v2\/types\/page"}],"author":[{"embeddable":true,"href":"https:\/\/smokeyscannabislounge.co\/fr\/wp-json\/wp\/v2\/users\/43672"}],"replies":[{"embeddable":true,"href":"https:\/\/smokeyscannabislounge.co\/fr\/wp-json\/wp\/v2\/comments?post=311406"}],"version-history":[{"count":0,"href":"https:\/\/smokeyscannabislounge.co\/fr\/wp-json\/wp\/v2\/pages\/311406\/revisions"}],"wp:attachment":[{"href":"https:\/\/smokeyscannabislounge.co\/fr\/wp-json\/wp\/v2\/media?parent=311406"}],"curies":[{"name":"wp","href":"https:\/\/api.w.org\/{rel}","templated":true}]}}