{"id":311420,"date":"2023-08-03T08:29:07","date_gmt":"2023-08-03T15:29:07","guid":{"rendered":"https:\/\/smokeyscannabislounge.co\/politique-de-remboursement-et-de-retour\/"},"modified":"2023-09-20T17:32:45","modified_gmt":"2023-09-21T00:32:45","slug":"politique-de-remboursement-et-de-retour","status":"publish","type":"page","link":"https:\/\/smokeyscannabislounge.co\/fr\/politique-de-remboursement-et-de-retour\/","title":{"rendered":"Politique de remboursement et de retour"},"content":{"rendered":"&#13;\n<p><b>Il s&#8217;agit d&#8217;une page d&#8217;exemple.<\/b><\/p>&#13;\n&#13;\n<h3>Overview<\/h3>&#13;\n&#13;\n<p>Notre politique de remboursement et de retour dure 30 jours. Si 30 jours se sont \u00e9coul\u00e9s depuis votre achat, nous ne pouvons pas vous offrir un remboursement complet ou un \u00e9change.<\/p>&#13;\n&#13;\n<p>Pour pouvoir \u00eatre retourn\u00e9, votre article doit \u00eatre inutilis\u00e9 et dans le m\u00eame \u00e9tat que celui dans lequel vous l&#8217;avez re\u00e7u. Il doit \u00e9galement \u00eatre dans son emballage d&#8217;origine.<\/p>&#13;\n&#13;\n<p>Plusieurs types de biens sont exempt\u00e9s de retour. Les produits p\u00e9rissables tels que la nourriture, les fleurs, les journaux ou les magazines ne peuvent pas \u00eatre retourn\u00e9s. Nous n&#8217;acceptons pas non plus les produits intimes ou sanitaires, les mati\u00e8res dangereuses, les liquides ou les gaz inflammables.<\/p>&#13;\n&#13;\n<p>Autres articles non retournables :<\/p>&#13;\n&#13;\n<ul class=\"wp-block-list\">&#13;\n<li>Cartes-cadeaux<\/li>&#13;\n<li>Logiciels t\u00e9l\u00e9chargeables<\/li>&#13;\n<li>Certains articles de sant\u00e9 et de soins personnels<\/li>&#13;\n<\/ul>&#13;\n&#13;\n<p>Pour effectuer votre retour, nous avons besoin d&#8217;un re\u00e7u ou d&#8217;une preuve d&#8217;achat.<\/p>&#13;\n&#13;\n<p>Ne renvoyez pas votre achat au fabricant.<\/p>&#13;\n&#13;\n<p>Dans certaines situations, seuls des remboursements partiels sont accord\u00e9s :<\/p>&#13;\n&#13;\n<ul class=\"wp-block-list\">&#13;\n<li>Livre pr\u00e9sentant des signes \u00e9vidents d&#8217;utilisation<\/li>&#13;\n<li>CD, DVD, cassette VHS, logiciel, jeu vid\u00e9o, cassette ou disque vinyle qui a \u00e9t\u00e9 ouvert.<\/li>&#13;\n<li>Tout article qui n&#8217;est pas dans son \u00e9tat d&#8217;origine, qui est endommag\u00e9 ou auquel il manque des pi\u00e8ces pour des raisons qui ne sont pas dues \u00e0 une erreur de notre part.<\/li>&#13;\n<li>Tout article retourn\u00e9 plus de 30 jours apr\u00e8s sa livraison<\/li>&#13;\n<\/ul>&#13;\n&#13;\n<h2>Refunds<\/h2>&#13;\n&#13;\n<p>Une fois votre retour re\u00e7u et inspect\u00e9, nous vous enverrons un courrier \u00e9lectronique pour vous informer que nous avons re\u00e7u votre article retourn\u00e9. Nous vous informerons \u00e9galement de l&#8217;approbation ou du rejet de votre remboursement.<\/p>&#13;\n&#13;\n<p>Si votre demande est accept\u00e9e, votre remboursement sera trait\u00e9 et un cr\u00e9dit sera automatiquement appliqu\u00e9 \u00e0 votre carte de cr\u00e9dit ou \u00e0 votre mode de paiement initial, dans un d\u00e9lai de quelques jours.<\/p>&#13;\n&#13;\n<p><b>Remboursements tardifs ou manquants<\/b><\/p>&#13;\n&#13;\n<p>Si vous n&#8217;avez pas encore re\u00e7u de remboursement, v\u00e9rifiez d&#8217;abord votre compte bancaire.<\/p>&#13;\n&#13;\n<p>Contactez ensuite la soci\u00e9t\u00e9 \u00e9mettrice de votre carte de cr\u00e9dit, car il peut s&#8217;\u00e9couler un certain temps avant que votre remboursement ne soit officiellement comptabilis\u00e9.<\/p>&#13;\n&#13;\n<p>Contactez ensuite votre banque. Il y a souvent un d\u00e9lai de traitement avant que le remboursement ne soit comptabilis\u00e9.<\/p>&#13;\n&#13;\n<p>Si vous avez fait tout cela et que vous n&#8217;avez toujours pas re\u00e7u votre remboursement, veuillez nous contacter \u00e0 {adresse \u00e9lectronique}.<\/p>&#13;\n&#13;\n<p><b>Articles en vente<\/b><\/p>&#13;\n&#13;\n<p>Seuls les articles \u00e0 prix normal peuvent \u00eatre rembours\u00e9s. Les articles sold\u00e9s ne peuvent \u00eatre rembours\u00e9s.<\/p>&#13;\n&#13;\n<h2>Exchanges<\/h2>&#13;\n&#13;\n<p>Nous ne rempla\u00e7ons les articles que s&#8217;ils sont d\u00e9fectueux ou endommag\u00e9s. Si vous souhaitez l&#8217;\u00e9changer contre le m\u00eame article, envoyez-nous un e-mail \u00e0 {adresse e-mail} et envoyez votre article \u00e0 {adresse physique} : {adresse physique}.<\/p>&#13;\n&#13;\n<h2>Gifts<\/h2>&#13;\n&#13;\n<p>Si l&#8217;article a \u00e9t\u00e9 marqu\u00e9 comme cadeau lors de l&#8217;achat et exp\u00e9di\u00e9 directement \u00e0 votre domicile, vous recevrez un cr\u00e9dit cadeau correspondant \u00e0 la valeur de votre retour. D\u00e8s r\u00e9ception de l&#8217;article retourn\u00e9, un bon d&#8217;achat vous sera envoy\u00e9 par courrier.<\/p>&#13;\n&#13;\n<p>Si l&#8217;article n&#8217;\u00e9tait pas indiqu\u00e9 comme cadeau au moment de l&#8217;achat, ou si le destinataire du cadeau s&#8217;est fait exp\u00e9dier la commande pour vous l&#8217;offrir plus tard, nous enverrons un remboursement au destinataire du cadeau, qui sera inform\u00e9 de votre retour.<\/p>&#13;\n&#13;\n<h2>Shipping returns<\/h2>&#13;\n&#13;\n<p>Pour retourner votre produit, vous devez l&#8217;envoyer par courrier \u00e0 l&#8217;adresse suivante : {adresse physique}.<\/p>&#13;\n&#13;\n<p>Il vous incombe de payer vos propres frais d&#8217;exp\u00e9dition pour le retour de votre article. Les frais d&#8217;exp\u00e9dition ne sont pas remboursables. Si vous recevez un remboursement, les frais de retour seront d\u00e9duits de votre remboursement.<\/p>&#13;\n&#13;\n<p>Le d\u00e9lai d&#8217;acheminement du produit \u00e9chang\u00e9 peut varier en fonction de votre lieu de r\u00e9sidence.<\/p>&#13;\n&#13;\n<p>Si vous retournez des articles plus co\u00fbteux, vous pouvez envisager d&#8217;utiliser un service d&#8217;exp\u00e9dition avec suivi ou de souscrire une assurance d&#8217;exp\u00e9dition. Nous ne garantissons pas que nous recevrons l&#8217;article retourn\u00e9.<\/p>&#13;\n&#13;\n<h2>Need help?<\/h2>&#13;\n&#13;\n<p>Contactez-nous \u00e0 l&#8217;adresse {email} pour toute question relative aux remboursements et aux retours.<\/p>&#13;\n","protected":false},"excerpt":{"rendered":"<p>&#13; Il s&#8217;agit d&#8217;une page d&#8217;exemple. &#13; &#13; Overview &#13; &#13; Notre politique de remboursement et de retour dure 30 jours. Si 30 jours se sont \u00e9coul\u00e9s depuis votre achat, nous ne pouvons pas vous offrir un remboursement complet ou un \u00e9change. &#13; &#13; Pour pouvoir \u00eatre retourn\u00e9, votre article doit \u00eatre inutilis\u00e9 et dans [&#8230;]\n","protected":false},"author":43672,"featured_media":0,"parent":0,"menu_order":0,"comment_status":"closed","ping_status":"closed","template":"","meta":{"_acf_changed":false,"footnotes":""},"class_list":["post-311420","page","type-page","status-publish","hentry"],"acf":[],"yoast_head":"<!-- This site is optimized with the Yoast SEO Premium plugin v21.9 (Yoast SEO v27.2) - https:\/\/yoast.com\/product\/yoast-seo-premium-wordpress\/ -->\n<title>Politique de remboursement et de retour | Smokey&#039;s Cannabis Lounge<\/title>\n<meta name=\"description\" content=\"Buy weed online at the best mail-order marijuana pot shop &amp; weed dispensary in Canada. Order cannabis online from Smokey&#039;s &amp; get fast shipping. Buy pot here.\" \/>\n<meta name=\"robots\" content=\"index, follow, max-snippet:-1, max-image-preview:large, max-video-preview:-1\" \/>\n<link rel=\"canonical\" href=\"https:\/\/smokeyscannabislounge.co\/refund_returns\/\" \/>\n<meta property=\"og:locale\" content=\"fr_FR\" \/>\n<meta property=\"og:type\" content=\"article\" \/>\n<meta property=\"og:title\" content=\"Politique de remboursement et de retour | Smokey&#039;s Cannabis Lounge\" \/>\n<meta property=\"og:description\" content=\"Buy weed online at the best mail-order marijuana pot shop &amp; weed dispensary in Canada. Order cannabis online from Smokey&#039;s &amp; get fast shipping. Buy pot here.\" \/>\n<meta property=\"og:url\" content=\"https:\/\/smokeyscannabislounge.co\/refund_returns\/\" \/>\n<meta property=\"og:site_name\" content=\"Smokey&#039;s Cannabis Lounge\" \/>\n<meta property=\"article:publisher\" content=\"https:\/\/www.facebook.com\/smokeyscannalounge\/\" \/>\n<meta property=\"article:modified_time\" content=\"2023-09-21T00:32:45+00:00\" \/>\n<meta name=\"twitter:card\" content=\"summary_large_image\" \/>\n<script type=\"application\/ld+json\" class=\"yoast-schema-graph\">{\"@context\":\"https:\/\/schema.org\",\"@graph\":[{\"@type\":\"WebPage\",\"@id\":\"https:\/\/smokeyscannabislounge.co\/refund_returns\/\",\"url\":\"https:\/\/smokeyscannabislounge.co\/refund_returns\/\",\"name\":\"Politique de remboursement et de retour | Smokey&#039;s Cannabis Lounge\",\"isPartOf\":{\"@id\":\"https:\/\/smokeyscannabislounge.co\/#website\"},\"datePublished\":\"2023-08-03T15:29:07+00:00\",\"dateModified\":\"2023-09-21T00:32:45+00:00\",\"description\":\"Buy weed online at the best mail-order marijuana pot shop & weed dispensary in Canada. Order cannabis online from Smokey's & get fast shipping. Buy pot here.\",\"breadcrumb\":{\"@id\":\"https:\/\/smokeyscannabislounge.co\/refund_returns\/#breadcrumb\"},\"inLanguage\":\"fr-FR\",\"potentialAction\":[{\"@type\":\"ReadAction\",\"target\":[\"https:\/\/smokeyscannabislounge.co\/refund_returns\/\"]}]},{\"@type\":\"BreadcrumbList\",\"@id\":\"https:\/\/smokeyscannabislounge.co\/refund_returns\/#breadcrumb\",\"itemListElement\":[{\"@type\":\"ListItem\",\"position\":1,\"name\":\"Home\",\"item\":\"https:\/\/smokeyscannabislounge.co\/fr\/\"},{\"@type\":\"ListItem\",\"position\":2,\"name\":\"Politique de remboursement et de retour\"}]},{\"@type\":\"WebSite\",\"@id\":\"https:\/\/smokeyscannabislounge.co\/#website\",\"url\":\"https:\/\/smokeyscannabislounge.co\/\",\"name\":\"Smokey's Cannabis Lounge\",\"description\":\"Mail Order Marijuana\",\"publisher\":{\"@id\":\"https:\/\/smokeyscannabislounge.co\/#organization\"},\"potentialAction\":[{\"@type\":\"SearchAction\",\"target\":{\"@type\":\"EntryPoint\",\"urlTemplate\":\"https:\/\/smokeyscannabislounge.co\/?s={search_term_string}\"},\"query-input\":{\"@type\":\"PropertyValueSpecification\",\"valueRequired\":true,\"valueName\":\"search_term_string\"}}],\"inLanguage\":\"fr-FR\"},{\"@type\":\"Organization\",\"@id\":\"https:\/\/smokeyscannabislounge.co\/#organization\",\"name\":\"Smokey's Cannabis Lounge\",\"url\":\"https:\/\/smokeyscannabislounge.co\/\",\"logo\":{\"@type\":\"ImageObject\",\"inLanguage\":\"fr-FR\",\"@id\":\"https:\/\/smokeyscannabislounge.co\/#\/schema\/logo\/image\/\",\"url\":\"https:\/\/smokeyscannabislounge.co\/wp-content\/uploads\/2021\/09\/SMOKEYS-Official-Logo.png\",\"contentUrl\":\"https:\/\/smokeyscannabislounge.co\/wp-content\/uploads\/2021\/09\/SMOKEYS-Official-Logo.png\",\"width\":501,\"height\":483,\"caption\":\"Smokey's Cannabis Lounge\"},\"image\":{\"@id\":\"https:\/\/smokeyscannabislounge.co\/#\/schema\/logo\/image\/\"},\"sameAs\":[\"https:\/\/www.facebook.com\/smokeyscannalounge\/\"]}]}<\/script>\n<!-- \/ Yoast SEO Premium plugin. -->","yoast_head_json":{"title":"Politique de remboursement et de retour | Smokey&#039;s Cannabis Lounge","description":"Buy weed online at the best mail-order marijuana pot shop & weed dispensary in Canada. Order cannabis online from Smokey's & get fast shipping. Buy pot here.","robots":{"index":"index","follow":"follow","max-snippet":"max-snippet:-1","max-image-preview":"max-image-preview:large","max-video-preview":"max-video-preview:-1"},"canonical":"https:\/\/smokeyscannabislounge.co\/refund_returns\/","og_locale":"fr_FR","og_type":"article","og_title":"Politique de remboursement et de retour | Smokey&#039;s Cannabis Lounge","og_description":"Buy weed online at the best mail-order marijuana pot shop & weed dispensary in Canada. Order cannabis online from Smokey's & get fast shipping. Buy pot here.","og_url":"https:\/\/smokeyscannabislounge.co\/refund_returns\/","og_site_name":"Smokey&#039;s Cannabis Lounge","article_publisher":"https:\/\/www.facebook.com\/smokeyscannalounge\/","article_modified_time":"2023-09-21T00:32:45+00:00","twitter_card":"summary_large_image","schema":{"@context":"https:\/\/schema.org","@graph":[{"@type":"WebPage","@id":"https:\/\/smokeyscannabislounge.co\/refund_returns\/","url":"https:\/\/smokeyscannabislounge.co\/refund_returns\/","name":"Politique de remboursement et de retour | Smokey&#039;s Cannabis Lounge","isPartOf":{"@id":"https:\/\/smokeyscannabislounge.co\/#website"},"datePublished":"2023-08-03T15:29:07+00:00","dateModified":"2023-09-21T00:32:45+00:00","description":"Buy weed online at the best mail-order marijuana pot shop & weed dispensary in Canada. Order cannabis online from Smokey's & get fast shipping. Buy pot here.","breadcrumb":{"@id":"https:\/\/smokeyscannabislounge.co\/refund_returns\/#breadcrumb"},"inLanguage":"fr-FR","potentialAction":[{"@type":"ReadAction","target":["https:\/\/smokeyscannabislounge.co\/refund_returns\/"]}]},{"@type":"BreadcrumbList","@id":"https:\/\/smokeyscannabislounge.co\/refund_returns\/#breadcrumb","itemListElement":[{"@type":"ListItem","position":1,"name":"Home","item":"https:\/\/smokeyscannabislounge.co\/fr\/"},{"@type":"ListItem","position":2,"name":"Politique de remboursement et de retour"}]},{"@type":"WebSite","@id":"https:\/\/smokeyscannabislounge.co\/#website","url":"https:\/\/smokeyscannabislounge.co\/","name":"Smokey's Cannabis Lounge","description":"Mail Order Marijuana","publisher":{"@id":"https:\/\/smokeyscannabislounge.co\/#organization"},"potentialAction":[{"@type":"SearchAction","target":{"@type":"EntryPoint","urlTemplate":"https:\/\/smokeyscannabislounge.co\/?s={search_term_string}"},"query-input":{"@type":"PropertyValueSpecification","valueRequired":true,"valueName":"search_term_string"}}],"inLanguage":"fr-FR"},{"@type":"Organization","@id":"https:\/\/smokeyscannabislounge.co\/#organization","name":"Smokey's Cannabis Lounge","url":"https:\/\/smokeyscannabislounge.co\/","logo":{"@type":"ImageObject","inLanguage":"fr-FR","@id":"https:\/\/smokeyscannabislounge.co\/#\/schema\/logo\/image\/","url":"https:\/\/smokeyscannabislounge.co\/wp-content\/uploads\/2021\/09\/SMOKEYS-Official-Logo.png","contentUrl":"https:\/\/smokeyscannabislounge.co\/wp-content\/uploads\/2021\/09\/SMOKEYS-Official-Logo.png","width":501,"height":483,"caption":"Smokey's Cannabis Lounge"},"image":{"@id":"https:\/\/smokeyscannabislounge.co\/#\/schema\/logo\/image\/"},"sameAs":["https:\/\/www.facebook.com\/smokeyscannalounge\/"]}]}},"_links":{"self":[{"href":"https:\/\/smokeyscannabislounge.co\/fr\/wp-json\/wp\/v2\/pages\/311420","targetHints":{"allow":["GET"]}}],"collection":[{"href":"https:\/\/smokeyscannabislounge.co\/fr\/wp-json\/wp\/v2\/pages"}],"about":[{"href":"https:\/\/smokeyscannabislounge.co\/fr\/wp-json\/wp\/v2\/types\/page"}],"author":[{"embeddable":true,"href":"https:\/\/smokeyscannabislounge.co\/fr\/wp-json\/wp\/v2\/users\/43672"}],"replies":[{"embeddable":true,"href":"https:\/\/smokeyscannabislounge.co\/fr\/wp-json\/wp\/v2\/comments?post=311420"}],"version-history":[{"count":0,"href":"https:\/\/smokeyscannabislounge.co\/fr\/wp-json\/wp\/v2\/pages\/311420\/revisions"}],"wp:attachment":[{"href":"https:\/\/smokeyscannabislounge.co\/fr\/wp-json\/wp\/v2\/media?parent=311420"}],"curies":[{"name":"wp","href":"https:\/\/api.w.org\/{rel}","templated":true}]}}